{"id":2348,"date":"2022-02-18T13:27:33","date_gmt":"2022-02-18T12:27:33","guid":{"rendered":"http:\/\/relaunch2026.kaiserhof-muenster.de\/contact-en-routebeschrijving\/"},"modified":"2025-09-15T13:26:18","modified_gmt":"2025-09-15T11:26:18","slug":"contact-en-routebeschrijving","status":"publish","type":"page","link":"https:\/\/www.kaiserhof-muenster.de\/nl\/contact-en-routebeschrijving\/","title":{"rendered":"Contact en routebeschrijving"},"content":{"rendered":"<section class=\"l-section wpb_row height_large\"><div class=\"l-section-h i-cf\"><div class=\"g-cols vc_row via_flex valign_top type_default stacking_default\"><div class=\"vc_col-sm-12 wpb_column vc_column_container\"><div class=\"vc_column-inner\"><div class=\"wpb_wrapper\"><div class=\"wpb_text_column\"><div class=\"wpb_wrapper\"><h1>Een comfortabele aankomst, een ontspannen verblijf!<\/h1>\n<p>We heten u van harte welkom in Hotel Kaiserhof M\u00fcnster. Ons centraal gelegen hotel in het centrum van M\u00fcnster biedt handige bus- en treinverbindingen en een bewaakte parkeerplaats. Het stadscentrum en de oude stad liggen op slechts een paar minuten lopen.<\/p>\n<h2>Met de auto<\/h2>\n<p>Neem de snelweg A1\/A43, afslag M\u00fcnster-S\u00fcd of M\u00fcnster-Nord en rijd richting het stadscentrum\/centraal station. Het hotel bevindt zich tegenover het centraal station. De bewaakte parkeerplaats van het hotel is te bereiken via de Achtermannstra\u00dfe (gps-ingang). Helaas kunnen we geen parkeergelegenheid garanderen. Onze medewerkers helpen u graag bij het parkeren van uw auto. De kosten bedragen \u20ac 15,00 per nacht. Voor een dagparkeerplaats rekenen we \u20ac 10,00.<\/p>\n<p><strong>Voor gasten met een elektrische auto bieden wij een parkeerplaats met een laadstation (afhankelijk van beschikbaarheid).<\/strong><\/p>\n<p>De <strong>milieusticker<\/strong> is verplicht in M\u00fcnster. Hier vindt u meer informatie over de <a href=\"http:\/\/www.stadt-muenster.de\/umwelt\/immissionsschutz\/luft\/umweltzone.html\" target=\"_blank\" rel=\"noopener\">milieuzones in M\u00fcnster<\/a>.<\/p>\n<h2>Met het openbaar vervoer<\/h2>\n<p><strong>Deutsche Bahn<\/strong>: Centraal Station M\u00fcnster (Westf). Het hotel bevindt zich schuin tegenover de hoofdingang. Neem de zuidelijke tunnel richting het stadscentrum en steek de zebrapad over. Loop na het oversteken direct rechts de straat in (busbaan). De Kaiserhof ligt op ongeveer 100 meter van de verkeerslichten.<\/p>\n<p><strong>Bus<\/strong>: Halte Centraal Station. Het busstation ligt op minder dan 100 meter van het hotel. Het hotel ligt direct tegenover het busstation.<\/p>\n<p>Met het vliegtuig: Luchthaven M\u00fcnster\/Osnabr\u00fcck (FMO) ligt op ongeveer 28 km van het hotel. Er rijdt regelmatig een shuttlebus naar het centraal station.<\/p>\n<p>Wij wensen u een prettige reis!<\/p>\n<\/div><\/div><\/div><\/div><\/div><\/div><\/div><\/section><section class=\"l-section wpb_row height_large color_primary\"><div class=\"l-section-h i-cf\"><div class=\"g-cols vc_row via_flex valign_top type_default stacking_default\"><div class=\"vc_col-sm-12 wpb_column vc_column_container\"><div class=\"vc_column-inner\"><div class=\"wpb_wrapper\"><div class=\"wpb_text_column\"><div class=\"wpb_wrapper\"><h2>Fietsverhuur in M\u00fcnster<\/h2>\n<p>Het ideale vervoermiddel in M\u00fcnster is de fiets. Schuin tegenover het hotel bevindt zich een fietsverhuurstation. Bij het <a href=\"https:\/\/www.radstation.de\/de\/mieten\/4_2.html\" target=\"_blank\" rel=\"noopener\">Radstation M\u00fcnster Hbf<\/a> kunt u hoogwaardige fietsen huren voor een paar uur of een paar dagen. Er zijn ook e-bikes beschikbaar. U kunt uw fiets tijdens uw verblijf op onze parkeerplaats stallen. Hiervoor zijn fietsenrekken beschikbaar.<\/p>\n<\/div><\/div><\/div><\/div><\/div><\/div><\/div><\/section><section class=\"l-section wpb_row height_large\"><div class=\"l-section-h i-cf\"><div class=\"g-cols vc_row via_flex valign_top type_default stacking_default\"><div class=\"vc_col-sm-12 wpb_column vc_column_container\"><div class=\"vc_column-inner\"><div class=\"wpb_wrapper\"><style id=\"wpforms-css-vars-267\">\n\t\t\t\t#wpforms-267 {\n\t\t\t\t\n\t\t\t}\n\t\t\t<\/style><div class=\"wpforms-container wpforms-container-full wpforms-render-modern\" id=\"wpforms-267\"><form id=\"wpforms-form-267\" class=\"wpforms-validate wpforms-form wpforms-ajax-form\" data-formid=\"267\" method=\"post\" enctype=\"multipart\/form-data\" action=\"\/nl\/wp-json\/wp\/v2\/pages\/2348\" data-token=\"6f27e0d49c97ca528709d889411ddbb3\" data-token-time=\"1777285047\"><noscript class=\"wpforms-error-noscript\">Schakel JavaScript in je browser in om dit formulier in te vullen.<\/noscript><div id=\"wpforms-error-noscript\" style=\"display: none;\">Schakel JavaScript in je browser in om dit formulier in te vullen.<\/div><div class=\"wpforms-field-container\"><div id=\"wpforms-267-field_0-container\" class=\"wpforms-field wpforms-field-name\" data-field-id=\"0\"><label class=\"wpforms-field-label wpforms-label-hide\" for=\"wpforms-267-field_0\" aria-hidden=\"false\">Naam <span class=\"wpforms-required-label\" aria-hidden=\"true\">*<\/span><\/label><input type=\"text\" id=\"wpforms-267-field_0\" class=\"wpforms-field-large wpforms-field-required\" name=\"wpforms[fields][0]\" placeholder=\"Naam\" aria-errormessage=\"wpforms-267-field_0-error\" required><\/div>\t\t<div id=\"wpforms-267-field_3-container\"\n\t\t\tclass=\"wpforms-field wpforms-field-text\"\n\t\t\tdata-field-type=\"text\"\n\t\t\tdata-field-id=\"3\"\n\t\t\t>\n\t\t\t<label class=\"wpforms-field-label\" for=\"wpforms-267-field_3\" >bericht Naam E-Mail<\/label>\n\t\t\t<input type=\"text\" id=\"wpforms-267-field_3\" class=\"wpforms-field-medium\" name=\"wpforms[fields][3]\" >\n\t\t<\/div>\n\t\t<div id=\"wpforms-267-field_1-container\" class=\"wpforms-field wpforms-field-email\" data-field-id=\"1\"><label class=\"wpforms-field-label wpforms-label-hide\" for=\"wpforms-267-field_1\" aria-hidden=\"false\">E-Mail <span class=\"wpforms-required-label\" aria-hidden=\"true\">*<\/span><\/label><input type=\"email\" id=\"wpforms-267-field_1\" class=\"wpforms-field-large wpforms-field-required\" name=\"wpforms[fields][1]\" placeholder=\"E-Mail\" spellcheck=\"false\" aria-errormessage=\"wpforms-267-field_1-error\" required><\/div><div id=\"wpforms-267-field_2-container\" class=\"wpforms-field wpforms-field-textarea\" data-field-id=\"2\"><label class=\"wpforms-field-label wpforms-label-hide\" for=\"wpforms-267-field_2\" aria-hidden=\"false\">Jouw bericht <span class=\"wpforms-required-label\" aria-hidden=\"true\">*<\/span><\/label><textarea id=\"wpforms-267-field_2\" class=\"wpforms-field-large wpforms-field-required\" name=\"wpforms[fields][2]\" placeholder=\"Jouw bericht\" aria-errormessage=\"wpforms-267-field_2-error\" required><\/textarea><\/div><div id=\"wpforms-267-field_5-container\" class=\"wpforms-field wpforms-field-content\" data-field-id=\"5\"><div id=\"wpforms-267-field_5\" class=\"wpforms-field-medium wpforms-field-row\" aria-errormessage=\"wpforms-267-field_5-error\"><p><span style=\"font-size:0.8rem\">Ik heb de informatie over gegevensverwerking in het <a href=\"https:\/\/hk.luxium.de\/datenschutz\/\">privacybeleid<\/a> gelezen.<\/span><\/p>\n<div class=\"wpforms-field-content-display-frontend-clear\"><\/div><\/div><\/div><script>\n\t\t\t\t( function() {\n\t\t\t\t\tconst style = document.createElement( 'style' );\n\t\t\t\t\tstyle.appendChild( document.createTextNode( '#wpforms-267-field_3-container { position: absolute !important; overflow: hidden !important; display: inline !important; height: 1px !important; width: 1px !important; z-index: -1000 !important; padding: 0 !important; } #wpforms-267-field_3-container input { visibility: hidden; } #wpforms-conversational-form-page #wpforms-267-field_3-container label { counter-increment: none; }' ) );\n\t\t\t\t\tdocument.head.appendChild( style );\n\t\t\t\t\tdocument.currentScript?.remove();\n\t\t\t\t} )();\n\t\t\t<\/script><\/div><!-- .wpforms-field-container --><div class=\"wpforms-submit-container\" ><input type=\"hidden\" name=\"wpforms[id]\" value=\"267\"><input type=\"hidden\" name=\"page_title\" value=\"\"><input type=\"hidden\" name=\"page_url\" value=\"https:\/\/www.kaiserhof-muenster.de\/nl\/wp-json\/wp\/v2\/pages\/2348\"><input type=\"hidden\" name=\"url_referer\" value=\"\"><button type=\"submit\" name=\"wpforms[submit]\" id=\"wpforms-submit-267\" class=\"wpforms-submit\" data-alt-text=\"Verzenden...\" data-submit-text=\"Bericht verzenden\" aria-live=\"assertive\" value=\"wpforms-submit\">Bericht verzenden<\/button><img loading=\"lazy\" decoding=\"async\" src=\"https:\/\/www.kaiserhof-muenster.de\/wp-content\/plugins\/wpforms\/assets\/images\/submit-spin.svg\" class=\"wpforms-submit-spinner\" style=\"display: none;\" width=\"26\" height=\"26\" alt=\"Aan het laden\"><\/div><\/form><\/div>  <!-- .wpforms-container --><\/div><\/div><\/div><\/div><\/div><\/section>\n","protected":false},"excerpt":{"rendered":"Een comfortabele aankomst, een ontspannen verblijf! We heten u van harte welkom in Hotel Kaiserhof M\u00fcnster. Ons centraal gelegen hotel in het centrum van M\u00fcnster biedt handige bus- en treinverbindingen en een bewaakte parkeerplaats. Het stadscentrum en de oude stad liggen op slechts een paar minuten lopen. Met de auto Neem de snelweg A1\/A43, afslag...","protected":false},"author":1,"featured_media":1973,"parent":0,"menu_order":0,"comment_status":"closed","ping_status":"closed","template":"","meta":{"_acf_changed":false,"footnotes":""},"class_list":["post-2348","page","type-page","status-publish","has-post-thumbnail","hentry"],"acf":[],"yoast_head":"<!-- This site is optimized with the Yoast SEO plugin v27.4 - https:\/\/yoast.com\/product\/yoast-seo-wordpress\/ -->\n<title>Contact en routebeschrijving - Hotel M\u00fcnster | 4 Sterne Sup. am Bahnhof, N\u00e4he Innenstadt<\/title>\n<meta name=\"robots\" content=\"index, follow, max-snippet:-1, max-image-preview:large, max-video-preview:-1\" \/>\n<link rel=\"canonical\" href=\"https:\/\/www.kaiserhof-muenster.de\/nl\/contact-en-routebeschrijving\/\" \/>\n<meta property=\"og:locale\" content=\"nl_NL\" \/>\n<meta property=\"og:type\" content=\"article\" \/>\n<meta property=\"og:title\" content=\"Contact en routebeschrijving - Hotel M\u00fcnster | 4 Sterne Sup. am Bahnhof, N\u00e4he Innenstadt\" \/>\n<meta property=\"og:url\" content=\"https:\/\/www.kaiserhof-muenster.de\/nl\/contact-en-routebeschrijving\/\" \/>\n<meta property=\"og:site_name\" content=\"Hotel M\u00fcnster | 4 Sterne Sup. am Bahnhof, N\u00e4he Innenstadt\" \/>\n<meta property=\"article:modified_time\" content=\"2025-09-15T11:26:18+00:00\" \/>\n<meta property=\"og:image\" content=\"https:\/\/www.kaiserhof-muenster.de\/media\/2021\/05\/hotel-kaiserhof-muenster-scaled.jpg\" \/>\n\t<meta property=\"og:image:width\" content=\"2560\" \/>\n\t<meta property=\"og:image:height\" content=\"1327\" \/>\n\t<meta property=\"og:image:type\" content=\"image\/jpeg\" \/>\n<meta name=\"twitter:card\" content=\"summary_large_image\" \/>\n<meta name=\"twitter:label1\" content=\"Geschatte leestijd\" \/>\n\t<meta name=\"twitter:data1\" content=\"2 minuten\" \/>\n<script type=\"application\/ld+json\" class=\"yoast-schema-graph\">{\"@context\":\"https:\\\/\\\/schema.org\",\"@graph\":[{\"@type\":\"WebPage\",\"@id\":\"https:\\\/\\\/www.kaiserhof-muenster.de\\\/nl\\\/contact-en-routebeschrijving\\\/\",\"url\":\"https:\\\/\\\/www.kaiserhof-muenster.de\\\/nl\\\/contact-en-routebeschrijving\\\/\",\"name\":\"Contact en routebeschrijving - Hotel M\u00fcnster | 4 Sterne Sup. am Bahnhof, N\u00e4he Innenstadt\",\"isPartOf\":{\"@id\":\"https:\\\/\\\/www.kaiserhof-muenster.de\\\/nl\\\/#website\"},\"primaryImageOfPage\":{\"@id\":\"https:\\\/\\\/www.kaiserhof-muenster.de\\\/nl\\\/contact-en-routebeschrijving\\\/#primaryimage\"},\"image\":{\"@id\":\"https:\\\/\\\/www.kaiserhof-muenster.de\\\/nl\\\/contact-en-routebeschrijving\\\/#primaryimage\"},\"thumbnailUrl\":\"https:\\\/\\\/www.kaiserhof-muenster.de\\\/media\\\/2021\\\/05\\\/hotel-kaiserhof-muenster-scaled.jpg\",\"datePublished\":\"2022-02-18T12:27:33+00:00\",\"dateModified\":\"2025-09-15T11:26:18+00:00\",\"breadcrumb\":{\"@id\":\"https:\\\/\\\/www.kaiserhof-muenster.de\\\/nl\\\/contact-en-routebeschrijving\\\/#breadcrumb\"},\"inLanguage\":\"nl-NL\",\"potentialAction\":[{\"@type\":\"ReadAction\",\"target\":[\"https:\\\/\\\/www.kaiserhof-muenster.de\\\/nl\\\/contact-en-routebeschrijving\\\/\"]}]},{\"@type\":\"ImageObject\",\"inLanguage\":\"nl-NL\",\"@id\":\"https:\\\/\\\/www.kaiserhof-muenster.de\\\/nl\\\/contact-en-routebeschrijving\\\/#primaryimage\",\"url\":\"https:\\\/\\\/www.kaiserhof-muenster.de\\\/media\\\/2021\\\/05\\\/hotel-kaiserhof-muenster-scaled.jpg\",\"contentUrl\":\"https:\\\/\\\/www.kaiserhof-muenster.de\\\/media\\\/2021\\\/05\\\/hotel-kaiserhof-muenster-scaled.jpg\",\"width\":2560,\"height\":1327,\"caption\":\"Entree\"},{\"@type\":\"BreadcrumbList\",\"@id\":\"https:\\\/\\\/www.kaiserhof-muenster.de\\\/nl\\\/contact-en-routebeschrijving\\\/#breadcrumb\",\"itemListElement\":[{\"@type\":\"ListItem\",\"position\":1,\"name\":\"Startseite\",\"item\":\"https:\\\/\\\/www.kaiserhof-muenster.de\\\/nl\\\/kaiserhof-muenster\\\/\"},{\"@type\":\"ListItem\",\"position\":2,\"name\":\"Contact en routebeschrijving\"}]},{\"@type\":\"WebSite\",\"@id\":\"https:\\\/\\\/www.kaiserhof-muenster.de\\\/nl\\\/#website\",\"url\":\"https:\\\/\\\/www.kaiserhof-muenster.de\\\/nl\\\/\",\"name\":\"Hotel M\u00fcnster | 4 Sterne Sup. am Bahnhof, N\u00e4he Innenstadt\",\"description\":\"\",\"potentialAction\":[{\"@type\":\"SearchAction\",\"target\":{\"@type\":\"EntryPoint\",\"urlTemplate\":\"https:\\\/\\\/www.kaiserhof-muenster.de\\\/nl\\\/?s={search_term_string}\"},\"query-input\":{\"@type\":\"PropertyValueSpecification\",\"valueRequired\":true,\"valueName\":\"search_term_string\"}}],\"inLanguage\":\"nl-NL\"}]}<\/script>\n<!-- \/ Yoast SEO plugin. -->","yoast_head_json":{"title":"Contact en routebeschrijving - Hotel M\u00fcnster | 4 Sterne Sup. am Bahnhof, N\u00e4he Innenstadt","robots":{"index":"index","follow":"follow","max-snippet":"max-snippet:-1","max-image-preview":"max-image-preview:large","max-video-preview":"max-video-preview:-1"},"canonical":"https:\/\/www.kaiserhof-muenster.de\/nl\/contact-en-routebeschrijving\/","og_locale":"nl_NL","og_type":"article","og_title":"Contact en routebeschrijving - Hotel M\u00fcnster | 4 Sterne Sup. am Bahnhof, N\u00e4he Innenstadt","og_url":"https:\/\/www.kaiserhof-muenster.de\/nl\/contact-en-routebeschrijving\/","og_site_name":"Hotel M\u00fcnster | 4 Sterne Sup. am Bahnhof, N\u00e4he Innenstadt","article_modified_time":"2025-09-15T11:26:18+00:00","og_image":[{"width":2560,"height":1327,"url":"https:\/\/www.kaiserhof-muenster.de\/media\/2021\/05\/hotel-kaiserhof-muenster-scaled.jpg","type":"image\/jpeg"}],"twitter_card":"summary_large_image","twitter_misc":{"Geschatte leestijd":"2 minuten"},"schema":{"@context":"https:\/\/schema.org","@graph":[{"@type":"WebPage","@id":"https:\/\/www.kaiserhof-muenster.de\/nl\/contact-en-routebeschrijving\/","url":"https:\/\/www.kaiserhof-muenster.de\/nl\/contact-en-routebeschrijving\/","name":"Contact en routebeschrijving - Hotel M\u00fcnster | 4 Sterne Sup. am Bahnhof, N\u00e4he Innenstadt","isPartOf":{"@id":"https:\/\/www.kaiserhof-muenster.de\/nl\/#website"},"primaryImageOfPage":{"@id":"https:\/\/www.kaiserhof-muenster.de\/nl\/contact-en-routebeschrijving\/#primaryimage"},"image":{"@id":"https:\/\/www.kaiserhof-muenster.de\/nl\/contact-en-routebeschrijving\/#primaryimage"},"thumbnailUrl":"https:\/\/www.kaiserhof-muenster.de\/media\/2021\/05\/hotel-kaiserhof-muenster-scaled.jpg","datePublished":"2022-02-18T12:27:33+00:00","dateModified":"2025-09-15T11:26:18+00:00","breadcrumb":{"@id":"https:\/\/www.kaiserhof-muenster.de\/nl\/contact-en-routebeschrijving\/#breadcrumb"},"inLanguage":"nl-NL","potentialAction":[{"@type":"ReadAction","target":["https:\/\/www.kaiserhof-muenster.de\/nl\/contact-en-routebeschrijving\/"]}]},{"@type":"ImageObject","inLanguage":"nl-NL","@id":"https:\/\/www.kaiserhof-muenster.de\/nl\/contact-en-routebeschrijving\/#primaryimage","url":"https:\/\/www.kaiserhof-muenster.de\/media\/2021\/05\/hotel-kaiserhof-muenster-scaled.jpg","contentUrl":"https:\/\/www.kaiserhof-muenster.de\/media\/2021\/05\/hotel-kaiserhof-muenster-scaled.jpg","width":2560,"height":1327,"caption":"Entree"},{"@type":"BreadcrumbList","@id":"https:\/\/www.kaiserhof-muenster.de\/nl\/contact-en-routebeschrijving\/#breadcrumb","itemListElement":[{"@type":"ListItem","position":1,"name":"Startseite","item":"https:\/\/www.kaiserhof-muenster.de\/nl\/kaiserhof-muenster\/"},{"@type":"ListItem","position":2,"name":"Contact en routebeschrijving"}]},{"@type":"WebSite","@id":"https:\/\/www.kaiserhof-muenster.de\/nl\/#website","url":"https:\/\/www.kaiserhof-muenster.de\/nl\/","name":"Hotel M\u00fcnster | 4 Sterne Sup. am Bahnhof, N\u00e4he Innenstadt","description":"","potentialAction":[{"@type":"SearchAction","target":{"@type":"EntryPoint","urlTemplate":"https:\/\/www.kaiserhof-muenster.de\/nl\/?s={search_term_string}"},"query-input":{"@type":"PropertyValueSpecification","valueRequired":true,"valueName":"search_term_string"}}],"inLanguage":"nl-NL"}]}},"_links":{"self":[{"href":"https:\/\/www.kaiserhof-muenster.de\/nl\/wp-json\/wp\/v2\/pages\/2348","targetHints":{"allow":["GET"]}}],"collection":[{"href":"https:\/\/www.kaiserhof-muenster.de\/nl\/wp-json\/wp\/v2\/pages"}],"about":[{"href":"https:\/\/www.kaiserhof-muenster.de\/nl\/wp-json\/wp\/v2\/types\/page"}],"author":[{"embeddable":true,"href":"https:\/\/www.kaiserhof-muenster.de\/nl\/wp-json\/wp\/v2\/users\/1"}],"replies":[{"embeddable":true,"href":"https:\/\/www.kaiserhof-muenster.de\/nl\/wp-json\/wp\/v2\/comments?post=2348"}],"version-history":[{"count":2,"href":"https:\/\/www.kaiserhof-muenster.de\/nl\/wp-json\/wp\/v2\/pages\/2348\/revisions"}],"predecessor-version":[{"id":2350,"href":"https:\/\/www.kaiserhof-muenster.de\/nl\/wp-json\/wp\/v2\/pages\/2348\/revisions\/2350"}],"wp:featuredmedia":[{"embeddable":true,"href":"https:\/\/www.kaiserhof-muenster.de\/nl\/wp-json\/wp\/v2\/media\/1973"}],"wp:attachment":[{"href":"https:\/\/www.kaiserhof-muenster.de\/nl\/wp-json\/wp\/v2\/media?parent=2348"}],"curies":[{"name":"wp","href":"https:\/\/api.w.org\/{rel}","templated":true}]}}